{"id":1909,"date":"2024-04-12T17:00:46","date_gmt":"2024-04-12T15:00:46","guid":{"rendered":"https:\/\/www.agri-pdb.org\/consultation-et-support-technique\/"},"modified":"2024-09-25T16:01:24","modified_gmt":"2024-09-25T14:01:24","slug":"consultation-et-support-technique","status":"publish","type":"page","link":"https:\/\/www.agri-pdb.org\/fr\/consultation-et-support-technique\/","title":{"rendered":"Consultation et support technique"},"content":{"rendered":"","protected":false},"excerpt":{"rendered":"","protected":false},"author":2,"featured_media":0,"parent":0,"menu_order":0,"comment_status":"closed","ping_status":"closed","template":"page-templates\/services.php","meta":{"inline_featured_image":false,"footnotes":""},"acf":[],"yoast_head":"<!-- This site is optimized with the Yoast SEO plugin v22.3 - https:\/\/yoast.com\/wordpress\/plugins\/seo\/ -->\n<title>Consultation et support technique - Agri-PDB<\/title>\n<meta name=\"description\" content=\"La plateforme Agri-PDB offre un soutien complet aux banques publiques de d\u00e9veloppement agricole, en aidant \u00e0 \u00e9laborer des strat\u00e9gies de sensibilisation rurale sur mesure et en faisant progresser les initiatives vertes. Elle donne acc\u00e8s \u00e0 des ressources, \u00e0 une expertise et \u00e0 des services de conseil, y compris des mesures des r\u00e9sultats environnementaux et d&#039;inclusion, le d\u00e9veloppement de produits et des partenariats pour une agriculture durable.\" \/>\n<meta name=\"robots\" content=\"index, follow, max-snippet:-1, max-image-preview:large, max-video-preview:-1\" \/>\n<link rel=\"canonical\" href=\"https:\/\/www.agri-pdb.org\/fr\/consultation-et-support-technique\/\" \/>\n<meta property=\"og:locale\" content=\"fr_FR\" \/>\n<meta property=\"og:type\" content=\"article\" \/>\n<meta property=\"og:title\" content=\"Consultation et support technique - Agri-PDB\" \/>\n<meta property=\"og:description\" content=\"La plateforme Agri-PDB offre un soutien complet aux banques publiques de d\u00e9veloppement agricole, en aidant \u00e0 \u00e9laborer des strat\u00e9gies de sensibilisation rurale sur mesure et en faisant progresser les initiatives vertes. Elle donne acc\u00e8s \u00e0 des ressources, \u00e0 une expertise et \u00e0 des services de conseil, y compris des mesures des r\u00e9sultats environnementaux et d&#039;inclusion, le d\u00e9veloppement de produits et des partenariats pour une agriculture durable.\" \/>\n<meta property=\"og:url\" content=\"https:\/\/www.agri-pdb.org\/fr\/consultation-et-support-technique\/\" \/>\n<meta property=\"og:site_name\" content=\"Agri-PDB\" \/>\n<meta property=\"article:modified_time\" content=\"2024-09-25T14:01:24+00:00\" \/>\n<meta name=\"twitter:card\" content=\"summary_large_image\" \/>\n<script type=\"application\/ld+json\" class=\"yoast-schema-graph\">{\"@context\":\"https:\/\/schema.org\",\"@graph\":[{\"@type\":\"WebPage\",\"@id\":\"https:\/\/www.agri-pdb.org\/fr\/consultation-et-support-technique\/\",\"url\":\"https:\/\/www.agri-pdb.org\/fr\/consultation-et-support-technique\/\",\"name\":\"Consultation et support technique - Agri-PDB\",\"isPartOf\":{\"@id\":\"https:\/\/www.agri-pdb.org\/fr\/#website\"},\"datePublished\":\"2024-04-12T15:00:46+00:00\",\"dateModified\":\"2024-09-25T14:01:24+00:00\",\"description\":\"La plateforme Agri-PDB offre un soutien complet aux banques publiques de d\u00e9veloppement agricole, en aidant \u00e0 \u00e9laborer des strat\u00e9gies de sensibilisation rurale sur mesure et en faisant progresser les initiatives vertes. Elle donne acc\u00e8s \u00e0 des ressources, \u00e0 une expertise et \u00e0 des services de conseil, y compris des mesures des r\u00e9sultats environnementaux et d'inclusion, le d\u00e9veloppement de produits et des partenariats pour une agriculture durable.\",\"breadcrumb\":{\"@id\":\"https:\/\/www.agri-pdb.org\/fr\/consultation-et-support-technique\/#breadcrumb\"},\"inLanguage\":\"fr-FR\",\"potentialAction\":[{\"@type\":\"ReadAction\",\"target\":[\"https:\/\/www.agri-pdb.org\/fr\/consultation-et-support-technique\/\"]}]},{\"@type\":\"BreadcrumbList\",\"@id\":\"https:\/\/www.agri-pdb.org\/fr\/consultation-et-support-technique\/#breadcrumb\",\"itemListElement\":[{\"@type\":\"ListItem\",\"position\":1,\"name\":\"Home\",\"item\":\"https:\/\/www.agri-pdb.org\/fr\/\"},{\"@type\":\"ListItem\",\"position\":2,\"name\":\"Consultation et support technique\"}]},{\"@type\":\"WebSite\",\"@id\":\"https:\/\/www.agri-pdb.org\/fr\/#website\",\"url\":\"https:\/\/www.agri-pdb.org\/fr\/\",\"name\":\"Agri-PDB\",\"description\":\"\",\"potentialAction\":[{\"@type\":\"SearchAction\",\"target\":{\"@type\":\"EntryPoint\",\"urlTemplate\":\"https:\/\/www.agri-pdb.org\/fr\/?s={search_term_string}\"},\"query-input\":\"required name=search_term_string\"}],\"inLanguage\":\"fr-FR\"}]}<\/script>\n<!-- \/ Yoast SEO plugin. -->","yoast_head_json":{"title":"Consultation et support technique - Agri-PDB","description":"La plateforme Agri-PDB offre un soutien complet aux banques publiques de d\u00e9veloppement agricole, en aidant \u00e0 \u00e9laborer des strat\u00e9gies de sensibilisation rurale sur mesure et en faisant progresser les initiatives vertes. Elle donne acc\u00e8s \u00e0 des ressources, \u00e0 une expertise et \u00e0 des services de conseil, y compris des mesures des r\u00e9sultats environnementaux et d'inclusion, le d\u00e9veloppement de produits et des partenariats pour une agriculture durable.","robots":{"index":"index","follow":"follow","max-snippet":"max-snippet:-1","max-image-preview":"max-image-preview:large","max-video-preview":"max-video-preview:-1"},"canonical":"https:\/\/www.agri-pdb.org\/fr\/consultation-et-support-technique\/","og_locale":"fr_FR","og_type":"article","og_title":"Consultation et support technique - Agri-PDB","og_description":"La plateforme Agri-PDB offre un soutien complet aux banques publiques de d\u00e9veloppement agricole, en aidant \u00e0 \u00e9laborer des strat\u00e9gies de sensibilisation rurale sur mesure et en faisant progresser les initiatives vertes. Elle donne acc\u00e8s \u00e0 des ressources, \u00e0 une expertise et \u00e0 des services de conseil, y compris des mesures des r\u00e9sultats environnementaux et d'inclusion, le d\u00e9veloppement de produits et des partenariats pour une agriculture durable.","og_url":"https:\/\/www.agri-pdb.org\/fr\/consultation-et-support-technique\/","og_site_name":"Agri-PDB","article_modified_time":"2024-09-25T14:01:24+00:00","twitter_card":"summary_large_image","schema":{"@context":"https:\/\/schema.org","@graph":[{"@type":"WebPage","@id":"https:\/\/www.agri-pdb.org\/fr\/consultation-et-support-technique\/","url":"https:\/\/www.agri-pdb.org\/fr\/consultation-et-support-technique\/","name":"Consultation et support technique - Agri-PDB","isPartOf":{"@id":"https:\/\/www.agri-pdb.org\/fr\/#website"},"datePublished":"2024-04-12T15:00:46+00:00","dateModified":"2024-09-25T14:01:24+00:00","description":"La plateforme Agri-PDB offre un soutien complet aux banques publiques de d\u00e9veloppement agricole, en aidant \u00e0 \u00e9laborer des strat\u00e9gies de sensibilisation rurale sur mesure et en faisant progresser les initiatives vertes. Elle donne acc\u00e8s \u00e0 des ressources, \u00e0 une expertise et \u00e0 des services de conseil, y compris des mesures des r\u00e9sultats environnementaux et d'inclusion, le d\u00e9veloppement de produits et des partenariats pour une agriculture durable.","breadcrumb":{"@id":"https:\/\/www.agri-pdb.org\/fr\/consultation-et-support-technique\/#breadcrumb"},"inLanguage":"fr-FR","potentialAction":[{"@type":"ReadAction","target":["https:\/\/www.agri-pdb.org\/fr\/consultation-et-support-technique\/"]}]},{"@type":"BreadcrumbList","@id":"https:\/\/www.agri-pdb.org\/fr\/consultation-et-support-technique\/#breadcrumb","itemListElement":[{"@type":"ListItem","position":1,"name":"Home","item":"https:\/\/www.agri-pdb.org\/fr\/"},{"@type":"ListItem","position":2,"name":"Consultation et support technique"}]},{"@type":"WebSite","@id":"https:\/\/www.agri-pdb.org\/fr\/#website","url":"https:\/\/www.agri-pdb.org\/fr\/","name":"Agri-PDB","description":"","potentialAction":[{"@type":"SearchAction","target":{"@type":"EntryPoint","urlTemplate":"https:\/\/www.agri-pdb.org\/fr\/?s={search_term_string}"},"query-input":"required name=search_term_string"}],"inLanguage":"fr-FR"}]}},"_links":{"self":[{"href":"https:\/\/www.agri-pdb.org\/fr\/wp-json\/wp\/v2\/pages\/1909"}],"collection":[{"href":"https:\/\/www.agri-pdb.org\/fr\/wp-json\/wp\/v2\/pages"}],"about":[{"href":"https:\/\/www.agri-pdb.org\/fr\/wp-json\/wp\/v2\/types\/page"}],"author":[{"embeddable":true,"href":"https:\/\/www.agri-pdb.org\/fr\/wp-json\/wp\/v2\/users\/2"}],"replies":[{"embeddable":true,"href":"https:\/\/www.agri-pdb.org\/fr\/wp-json\/wp\/v2\/comments?post=1909"}],"version-history":[{"count":3,"href":"https:\/\/www.agri-pdb.org\/fr\/wp-json\/wp\/v2\/pages\/1909\/revisions"}],"predecessor-version":[{"id":1912,"href":"https:\/\/www.agri-pdb.org\/fr\/wp-json\/wp\/v2\/pages\/1909\/revisions\/1912"}],"wp:attachment":[{"href":"https:\/\/www.agri-pdb.org\/fr\/wp-json\/wp\/v2\/media?parent=1909"}],"curies":[{"name":"wp","href":"https:\/\/api.w.org\/{rel}","templated":true}]}}