{"id":1642,"date":"2024-04-23T15:30:43","date_gmt":"2024-04-23T13:30:43","guid":{"rendered":"https:\/\/www.agri-pdb.org\/groupe-de-travail\/"},"modified":"2024-10-18T09:59:43","modified_gmt":"2024-10-18T07:59:43","slug":"groupe-de-travail","status":"publish","type":"page","link":"https:\/\/www.agri-pdb.org\/fr\/groupe-de-travail\/","title":{"rendered":"Groupe de travail"},"content":{"rendered":"<p>Les r\u00e9unions de nos groupes de travail avec les banques de d\u00e9veloppement agricole sont con\u00e7ues pour approfondir des sujets s\u00e9lectionn\u00e9s par les membres, r\u00e9pondre \u00e0 leurs besoins sp\u00e9cifiques et favoriser l&rsquo;\u00e9change d&rsquo;id\u00e9es et d&rsquo;exp\u00e9riences. Cette initiative consiste en trois sessions par th\u00e8me, offrant une approche structur\u00e9e de l&rsquo;apprentissage et de la collaboration. De l&rsquo;introduction de concepts g\u00e9n\u00e9raux \u00e0 la pr\u00e9sentation de nouveaux outils et \u00e0 l&rsquo;offre d&rsquo;un soutien technique, ces sessions constituent une plate-forme essentielle pour le partage des connaissances et la croissance mutuelle.<\/p>\n","protected":false},"excerpt":{"rendered":"<p>Les r\u00e9unions de nos groupes de travail avec les banques de d\u00e9veloppement agricole sont con\u00e7ues pour approfondir des sujets s\u00e9lectionn\u00e9s par les membres, r\u00e9pondre \u00e0 leurs besoins sp\u00e9cifiques et favoriser l&rsquo;\u00e9change d&rsquo;id\u00e9es et d&rsquo;exp\u00e9riences. Cette initiative consiste en trois sessions par th\u00e8me, offrant une approche structur\u00e9e de l&rsquo;apprentissage et de la collaboration. De l&rsquo;introduction de [&hellip;]<\/p>\n","protected":false},"author":2,"featured_media":0,"parent":0,"menu_order":0,"comment_status":"closed","ping_status":"closed","template":"page-templates\/services.php","meta":{"inline_featured_image":false,"footnotes":""},"acf":[],"yoast_head":"<!-- This site is optimized with the Yoast SEO plugin v22.3 - https:\/\/yoast.com\/wordpress\/plugins\/seo\/ -->\n<title>Groupe de travail - Agri-PDB<\/title>\n<meta name=\"robots\" content=\"index, follow, max-snippet:-1, max-image-preview:large, max-video-preview:-1\" \/>\n<link rel=\"canonical\" href=\"https:\/\/www.agri-pdb.org\/fr\/groupe-de-travail\/\" \/>\n<meta property=\"og:locale\" content=\"fr_FR\" \/>\n<meta property=\"og:type\" content=\"article\" \/>\n<meta property=\"og:title\" content=\"Groupe de travail - Agri-PDB\" \/>\n<meta property=\"og:description\" content=\"Les r\u00e9unions de nos groupes de travail avec les banques de d\u00e9veloppement agricole sont con\u00e7ues pour approfondir des sujets s\u00e9lectionn\u00e9s par les membres, r\u00e9pondre \u00e0 leurs besoins sp\u00e9cifiques et favoriser l&rsquo;\u00e9change d&rsquo;id\u00e9es et d&rsquo;exp\u00e9riences. Cette initiative consiste en trois sessions par th\u00e8me, offrant une approche structur\u00e9e de l&rsquo;apprentissage et de la collaboration. De l&rsquo;introduction de [&hellip;]\" \/>\n<meta property=\"og:url\" content=\"https:\/\/www.agri-pdb.org\/fr\/groupe-de-travail\/\" \/>\n<meta property=\"og:site_name\" content=\"Agri-PDB\" \/>\n<meta property=\"article:modified_time\" content=\"2024-10-18T07:59:43+00:00\" \/>\n<meta name=\"twitter:card\" content=\"summary_large_image\" \/>\n<meta name=\"twitter:label1\" content=\"Est. reading time\" \/>\n\t<meta name=\"twitter:data1\" content=\"1 minute\" \/>\n<script type=\"application\/ld+json\" class=\"yoast-schema-graph\">{\"@context\":\"https:\/\/schema.org\",\"@graph\":[{\"@type\":\"WebPage\",\"@id\":\"https:\/\/www.agri-pdb.org\/fr\/groupe-de-travail\/\",\"url\":\"https:\/\/www.agri-pdb.org\/fr\/groupe-de-travail\/\",\"name\":\"Groupe de travail - Agri-PDB\",\"isPartOf\":{\"@id\":\"https:\/\/www.agri-pdb.org\/fr\/#website\"},\"datePublished\":\"2024-04-23T13:30:43+00:00\",\"dateModified\":\"2024-10-18T07:59:43+00:00\",\"breadcrumb\":{\"@id\":\"https:\/\/www.agri-pdb.org\/fr\/groupe-de-travail\/#breadcrumb\"},\"inLanguage\":\"fr-FR\",\"potentialAction\":[{\"@type\":\"ReadAction\",\"target\":[\"https:\/\/www.agri-pdb.org\/fr\/groupe-de-travail\/\"]}]},{\"@type\":\"BreadcrumbList\",\"@id\":\"https:\/\/www.agri-pdb.org\/fr\/groupe-de-travail\/#breadcrumb\",\"itemListElement\":[{\"@type\":\"ListItem\",\"position\":1,\"name\":\"Home\",\"item\":\"https:\/\/www.agri-pdb.org\/fr\/\"},{\"@type\":\"ListItem\",\"position\":2,\"name\":\"Groupe de travail\"}]},{\"@type\":\"WebSite\",\"@id\":\"https:\/\/www.agri-pdb.org\/fr\/#website\",\"url\":\"https:\/\/www.agri-pdb.org\/fr\/\",\"name\":\"Agri-PDB\",\"description\":\"\",\"potentialAction\":[{\"@type\":\"SearchAction\",\"target\":{\"@type\":\"EntryPoint\",\"urlTemplate\":\"https:\/\/www.agri-pdb.org\/fr\/?s={search_term_string}\"},\"query-input\":\"required name=search_term_string\"}],\"inLanguage\":\"fr-FR\"}]}<\/script>\n<!-- \/ Yoast SEO plugin. -->","yoast_head_json":{"title":"Groupe de travail - Agri-PDB","robots":{"index":"index","follow":"follow","max-snippet":"max-snippet:-1","max-image-preview":"max-image-preview:large","max-video-preview":"max-video-preview:-1"},"canonical":"https:\/\/www.agri-pdb.org\/fr\/groupe-de-travail\/","og_locale":"fr_FR","og_type":"article","og_title":"Groupe de travail - Agri-PDB","og_description":"Les r\u00e9unions de nos groupes de travail avec les banques de d\u00e9veloppement agricole sont con\u00e7ues pour approfondir des sujets s\u00e9lectionn\u00e9s par les membres, r\u00e9pondre \u00e0 leurs besoins sp\u00e9cifiques et favoriser l&rsquo;\u00e9change d&rsquo;id\u00e9es et d&rsquo;exp\u00e9riences. Cette initiative consiste en trois sessions par th\u00e8me, offrant une approche structur\u00e9e de l&rsquo;apprentissage et de la collaboration. De l&rsquo;introduction de [&hellip;]","og_url":"https:\/\/www.agri-pdb.org\/fr\/groupe-de-travail\/","og_site_name":"Agri-PDB","article_modified_time":"2024-10-18T07:59:43+00:00","twitter_card":"summary_large_image","twitter_misc":{"Est. reading time":"1 minute"},"schema":{"@context":"https:\/\/schema.org","@graph":[{"@type":"WebPage","@id":"https:\/\/www.agri-pdb.org\/fr\/groupe-de-travail\/","url":"https:\/\/www.agri-pdb.org\/fr\/groupe-de-travail\/","name":"Groupe de travail - Agri-PDB","isPartOf":{"@id":"https:\/\/www.agri-pdb.org\/fr\/#website"},"datePublished":"2024-04-23T13:30:43+00:00","dateModified":"2024-10-18T07:59:43+00:00","breadcrumb":{"@id":"https:\/\/www.agri-pdb.org\/fr\/groupe-de-travail\/#breadcrumb"},"inLanguage":"fr-FR","potentialAction":[{"@type":"ReadAction","target":["https:\/\/www.agri-pdb.org\/fr\/groupe-de-travail\/"]}]},{"@type":"BreadcrumbList","@id":"https:\/\/www.agri-pdb.org\/fr\/groupe-de-travail\/#breadcrumb","itemListElement":[{"@type":"ListItem","position":1,"name":"Home","item":"https:\/\/www.agri-pdb.org\/fr\/"},{"@type":"ListItem","position":2,"name":"Groupe de travail"}]},{"@type":"WebSite","@id":"https:\/\/www.agri-pdb.org\/fr\/#website","url":"https:\/\/www.agri-pdb.org\/fr\/","name":"Agri-PDB","description":"","potentialAction":[{"@type":"SearchAction","target":{"@type":"EntryPoint","urlTemplate":"https:\/\/www.agri-pdb.org\/fr\/?s={search_term_string}"},"query-input":"required name=search_term_string"}],"inLanguage":"fr-FR"}]}},"_links":{"self":[{"href":"https:\/\/www.agri-pdb.org\/fr\/wp-json\/wp\/v2\/pages\/1642"}],"collection":[{"href":"https:\/\/www.agri-pdb.org\/fr\/wp-json\/wp\/v2\/pages"}],"about":[{"href":"https:\/\/www.agri-pdb.org\/fr\/wp-json\/wp\/v2\/types\/page"}],"author":[{"embeddable":true,"href":"https:\/\/www.agri-pdb.org\/fr\/wp-json\/wp\/v2\/users\/2"}],"replies":[{"embeddable":true,"href":"https:\/\/www.agri-pdb.org\/fr\/wp-json\/wp\/v2\/comments?post=1642"}],"version-history":[{"count":4,"href":"https:\/\/www.agri-pdb.org\/fr\/wp-json\/wp\/v2\/pages\/1642\/revisions"}],"predecessor-version":[{"id":2082,"href":"https:\/\/www.agri-pdb.org\/fr\/wp-json\/wp\/v2\/pages\/1642\/revisions\/2082"}],"wp:attachment":[{"href":"https:\/\/www.agri-pdb.org\/fr\/wp-json\/wp\/v2\/media?parent=1642"}],"curies":[{"name":"wp","href":"https:\/\/api.w.org\/{rel}","templated":true}]}}