{"id":1907,"date":"2024-04-12T17:00:46","date_gmt":"2024-04-12T15:00:46","guid":{"rendered":"https:\/\/www.agri-pdb.org\/consultoria-y-soporte-tecnico\/"},"modified":"2024-09-23T15:20:04","modified_gmt":"2024-09-23T13:20:04","slug":"consultoria-y-soporte-tecnico","status":"publish","type":"page","link":"https:\/\/www.agri-pdb.org\/es\/consultoria-y-soporte-tecnico\/","title":{"rendered":"Consultor\u00eda y soporte t\u00e9cnico"},"content":{"rendered":"","protected":false},"excerpt":{"rendered":"","protected":false},"author":2,"featured_media":0,"parent":0,"menu_order":0,"comment_status":"closed","ping_status":"closed","template":"page-templates\/services.php","meta":{"inline_featured_image":false,"footnotes":""},"acf":[],"yoast_head":"<!-- This site is optimized with the Yoast SEO plugin v22.3 - https:\/\/yoast.com\/wordpress\/plugins\/seo\/ -->\n<title>Consultor\u00eda y soporte t\u00e9cnico - Agri-PDB<\/title>\n<meta name=\"description\" content=\"La Plataforma Agri-PDB ofrece un apoyo integral a los bancos p\u00fablicos de desarrollo agr\u00edcola, ayudando a desarrollar estrategias de extensi\u00f3n rural a medida y promoviendo iniciativas ecol\u00f3gicas. Proporciona acceso a recursos, conocimientos y servicios de asesoramiento, incluidas mediciones de resultados medioambientales y de inclusi\u00f3n, desarrollo de productos y asociaciones para la agricultura sostenible.\" \/>\n<meta name=\"robots\" content=\"index, follow, max-snippet:-1, max-image-preview:large, max-video-preview:-1\" \/>\n<link rel=\"canonical\" href=\"https:\/\/www.agri-pdb.org\/es\/consultoria-y-soporte-tecnico\/\" \/>\n<meta property=\"og:locale\" content=\"es_ES\" \/>\n<meta property=\"og:type\" content=\"article\" \/>\n<meta property=\"og:title\" content=\"Consultor\u00eda y soporte t\u00e9cnico - Agri-PDB\" \/>\n<meta property=\"og:description\" content=\"La Plataforma Agri-PDB ofrece un apoyo integral a los bancos p\u00fablicos de desarrollo agr\u00edcola, ayudando a desarrollar estrategias de extensi\u00f3n rural a medida y promoviendo iniciativas ecol\u00f3gicas. Proporciona acceso a recursos, conocimientos y servicios de asesoramiento, incluidas mediciones de resultados medioambientales y de inclusi\u00f3n, desarrollo de productos y asociaciones para la agricultura sostenible.\" \/>\n<meta property=\"og:url\" content=\"https:\/\/www.agri-pdb.org\/es\/consultoria-y-soporte-tecnico\/\" \/>\n<meta property=\"og:site_name\" content=\"Agri-PDB\" \/>\n<meta property=\"article:modified_time\" content=\"2024-09-23T13:20:04+00:00\" \/>\n<meta name=\"twitter:card\" content=\"summary_large_image\" \/>\n<script type=\"application\/ld+json\" class=\"yoast-schema-graph\">{\"@context\":\"https:\/\/schema.org\",\"@graph\":[{\"@type\":\"WebPage\",\"@id\":\"https:\/\/www.agri-pdb.org\/es\/consultoria-y-soporte-tecnico\/\",\"url\":\"https:\/\/www.agri-pdb.org\/es\/consultoria-y-soporte-tecnico\/\",\"name\":\"Consultor\u00eda y soporte t\u00e9cnico - Agri-PDB\",\"isPartOf\":{\"@id\":\"https:\/\/www.agri-pdb.org\/es\/#website\"},\"datePublished\":\"2024-04-12T15:00:46+00:00\",\"dateModified\":\"2024-09-23T13:20:04+00:00\",\"description\":\"La Plataforma Agri-PDB ofrece un apoyo integral a los bancos p\u00fablicos de desarrollo agr\u00edcola, ayudando a desarrollar estrategias de extensi\u00f3n rural a medida y promoviendo iniciativas ecol\u00f3gicas. Proporciona acceso a recursos, conocimientos y servicios de asesoramiento, incluidas mediciones de resultados medioambientales y de inclusi\u00f3n, desarrollo de productos y asociaciones para la agricultura sostenible.\",\"breadcrumb\":{\"@id\":\"https:\/\/www.agri-pdb.org\/es\/consultoria-y-soporte-tecnico\/#breadcrumb\"},\"inLanguage\":\"es\",\"potentialAction\":[{\"@type\":\"ReadAction\",\"target\":[\"https:\/\/www.agri-pdb.org\/es\/consultoria-y-soporte-tecnico\/\"]}]},{\"@type\":\"BreadcrumbList\",\"@id\":\"https:\/\/www.agri-pdb.org\/es\/consultoria-y-soporte-tecnico\/#breadcrumb\",\"itemListElement\":[{\"@type\":\"ListItem\",\"position\":1,\"name\":\"Home\",\"item\":\"https:\/\/www.agri-pdb.org\/es\/\"},{\"@type\":\"ListItem\",\"position\":2,\"name\":\"Consultor\u00eda y soporte t\u00e9cnico\"}]},{\"@type\":\"WebSite\",\"@id\":\"https:\/\/www.agri-pdb.org\/es\/#website\",\"url\":\"https:\/\/www.agri-pdb.org\/es\/\",\"name\":\"Agri-PDB\",\"description\":\"\",\"potentialAction\":[{\"@type\":\"SearchAction\",\"target\":{\"@type\":\"EntryPoint\",\"urlTemplate\":\"https:\/\/www.agri-pdb.org\/es\/?s={search_term_string}\"},\"query-input\":\"required name=search_term_string\"}],\"inLanguage\":\"es\"}]}<\/script>\n<!-- \/ Yoast SEO plugin. -->","yoast_head_json":{"title":"Consultor\u00eda y soporte t\u00e9cnico - Agri-PDB","description":"La Plataforma Agri-PDB ofrece un apoyo integral a los bancos p\u00fablicos de desarrollo agr\u00edcola, ayudando a desarrollar estrategias de extensi\u00f3n rural a medida y promoviendo iniciativas ecol\u00f3gicas. Proporciona acceso a recursos, conocimientos y servicios de asesoramiento, incluidas mediciones de resultados medioambientales y de inclusi\u00f3n, desarrollo de productos y asociaciones para la agricultura sostenible.","robots":{"index":"index","follow":"follow","max-snippet":"max-snippet:-1","max-image-preview":"max-image-preview:large","max-video-preview":"max-video-preview:-1"},"canonical":"https:\/\/www.agri-pdb.org\/es\/consultoria-y-soporte-tecnico\/","og_locale":"es_ES","og_type":"article","og_title":"Consultor\u00eda y soporte t\u00e9cnico - Agri-PDB","og_description":"La Plataforma Agri-PDB ofrece un apoyo integral a los bancos p\u00fablicos de desarrollo agr\u00edcola, ayudando a desarrollar estrategias de extensi\u00f3n rural a medida y promoviendo iniciativas ecol\u00f3gicas. Proporciona acceso a recursos, conocimientos y servicios de asesoramiento, incluidas mediciones de resultados medioambientales y de inclusi\u00f3n, desarrollo de productos y asociaciones para la agricultura sostenible.","og_url":"https:\/\/www.agri-pdb.org\/es\/consultoria-y-soporte-tecnico\/","og_site_name":"Agri-PDB","article_modified_time":"2024-09-23T13:20:04+00:00","twitter_card":"summary_large_image","schema":{"@context":"https:\/\/schema.org","@graph":[{"@type":"WebPage","@id":"https:\/\/www.agri-pdb.org\/es\/consultoria-y-soporte-tecnico\/","url":"https:\/\/www.agri-pdb.org\/es\/consultoria-y-soporte-tecnico\/","name":"Consultor\u00eda y soporte t\u00e9cnico - Agri-PDB","isPartOf":{"@id":"https:\/\/www.agri-pdb.org\/es\/#website"},"datePublished":"2024-04-12T15:00:46+00:00","dateModified":"2024-09-23T13:20:04+00:00","description":"La Plataforma Agri-PDB ofrece un apoyo integral a los bancos p\u00fablicos de desarrollo agr\u00edcola, ayudando a desarrollar estrategias de extensi\u00f3n rural a medida y promoviendo iniciativas ecol\u00f3gicas. Proporciona acceso a recursos, conocimientos y servicios de asesoramiento, incluidas mediciones de resultados medioambientales y de inclusi\u00f3n, desarrollo de productos y asociaciones para la agricultura sostenible.","breadcrumb":{"@id":"https:\/\/www.agri-pdb.org\/es\/consultoria-y-soporte-tecnico\/#breadcrumb"},"inLanguage":"es","potentialAction":[{"@type":"ReadAction","target":["https:\/\/www.agri-pdb.org\/es\/consultoria-y-soporte-tecnico\/"]}]},{"@type":"BreadcrumbList","@id":"https:\/\/www.agri-pdb.org\/es\/consultoria-y-soporte-tecnico\/#breadcrumb","itemListElement":[{"@type":"ListItem","position":1,"name":"Home","item":"https:\/\/www.agri-pdb.org\/es\/"},{"@type":"ListItem","position":2,"name":"Consultor\u00eda y soporte t\u00e9cnico"}]},{"@type":"WebSite","@id":"https:\/\/www.agri-pdb.org\/es\/#website","url":"https:\/\/www.agri-pdb.org\/es\/","name":"Agri-PDB","description":"","potentialAction":[{"@type":"SearchAction","target":{"@type":"EntryPoint","urlTemplate":"https:\/\/www.agri-pdb.org\/es\/?s={search_term_string}"},"query-input":"required name=search_term_string"}],"inLanguage":"es"}]}},"_links":{"self":[{"href":"https:\/\/www.agri-pdb.org\/es\/wp-json\/wp\/v2\/pages\/1907"}],"collection":[{"href":"https:\/\/www.agri-pdb.org\/es\/wp-json\/wp\/v2\/pages"}],"about":[{"href":"https:\/\/www.agri-pdb.org\/es\/wp-json\/wp\/v2\/types\/page"}],"author":[{"embeddable":true,"href":"https:\/\/www.agri-pdb.org\/es\/wp-json\/wp\/v2\/users\/2"}],"replies":[{"embeddable":true,"href":"https:\/\/www.agri-pdb.org\/es\/wp-json\/wp\/v2\/comments?post=1907"}],"version-history":[{"count":1,"href":"https:\/\/www.agri-pdb.org\/es\/wp-json\/wp\/v2\/pages\/1907\/revisions"}],"predecessor-version":[{"id":1908,"href":"https:\/\/www.agri-pdb.org\/es\/wp-json\/wp\/v2\/pages\/1907\/revisions\/1908"}],"wp:attachment":[{"href":"https:\/\/www.agri-pdb.org\/es\/wp-json\/wp\/v2\/media?parent=1907"}],"curies":[{"name":"wp","href":"https:\/\/api.w.org\/{rel}","templated":true}]}}