{"id":1761,"date":"2024-02-28T11:16:25","date_gmt":"2024-02-28T10:16:25","guid":{"rendered":"https:\/\/www.agri-pdb.org\/politica-de-confidencialidad\/"},"modified":"2024-07-25T11:24:55","modified_gmt":"2024-07-25T09:24:55","slug":"politica-de-confidencialidad","status":"publish","type":"page","link":"https:\/\/www.agri-pdb.org\/es\/politica-de-confidencialidad\/","title":{"rendered":"Pol\u00edtica de confidencialidad"},"content":{"rendered":"&#13;\n<h2 class=\"wp-block-heading\">\u00bfQui\u00e9nes somos?<\/h2>&#13;\n&#13;\n<p><strong class=\"privacy-policy-tutorial\">Texte sugg\u00e9r\u00e9 : <\/strong>L\u2019adresse de notre site est : https:\/\/www.agri-pdb.org.<\/p>&#13;\n&#13;\n<h2 class=\"wp-block-heading\">Comentarios<\/h2>&#13;\n&#13;\n<p><strong class=\"privacy-policy-tutorial\">Texte sugg\u00e9r\u00e9 : <\/strong>Quand vous laissez un commentaire sur notre site, les donn\u00e9es inscrites dans le formulaire de commentaire, ainsi que votre adresse IP et l\u2019agent utilisateur de votre navigateur sont collect\u00e9s pour nous aider \u00e0 la d\u00e9tection des commentaires ind\u00e9sirables.<\/p>&#13;\n&#13;\n<p>Una cadena an\u00f3nima creada a partir de tu direcci\u00f3n de correo electr\u00f3nico (tambi\u00e9n conocida como hash) puede enviarse al servicio Gravatar para comprobar que la est\u00e1s utilizando. La pol\u00edtica de privacidad de Gravatar est\u00e1 disponible aqu\u00ed: https:\/\/automattic.com\/privacy\/. Una vez validado tu comentario, tu foto de perfil ser\u00e1 visible p\u00fablicamente junto a tu comentario.<\/p>&#13;\n&#13;\n<h2 class=\"wp-block-heading\">Medios de comunicaci\u00f3n<\/h2>&#13;\n&#13;\n<p><strong class=\"privacy-policy-tutorial\">Texte sugg\u00e9r\u00e9 : <\/strong>Si vous t\u00e9l\u00e9versez des images sur le site, nous vous conseillons d\u2019\u00e9viter de t\u00e9l\u00e9verser des images contenant des donn\u00e9es EXIF de coordonn\u00e9es GPS. Las personas que visitan su sitio pueden descargar y extraer datos de localizaci\u00f3n de estas im\u00e1genes.<\/p>&#13;\n&#13;\n<h2 class=\"wp-block-heading\">Cookies<\/h2>&#13;\n&#13;\n<p><strong class=\"privacy-policy-tutorial\">Texte sugg\u00e9r\u00e9 : <\/strong>Si vous d\u00e9posez un commentaire sur notre site, il vous sera propos\u00e9 d\u2019enregistrer votre nom, adresse e-mail et site dans des cookies. Esto es s\u00f3lo para su comodidad, para que no tenga que introducir esta informaci\u00f3n si publica otro comentario m\u00e1s tarde. Estas cookies caducan al cabo de un a\u00f1o.<\/p>&#13;\n&#13;\n<p>Si accede a la p\u00e1gina de inicio de sesi\u00f3n, se crear\u00e1 una cookie temporal para determinar si su navegador acepta cookies. No contiene ning\u00fan dato personal y se borrar\u00e1 autom\u00e1ticamente cuando cierre el navegador.<\/p>&#13;\n&#13;\n<p>Cuando se conecte, instalaremos una serie de cookies para registrar sus datos de acceso y preferencias de pantalla. La vida \u00fatil de una cookie de conexi\u00f3n es de dos d\u00edas, la de una cookie de opci\u00f3n de pantalla es de un a\u00f1o. Si marca \u00abRecordarme\u00bb, su cookie de conexi\u00f3n se almacenar\u00e1 durante quince d\u00edas. Si sale de su cuenta, se borrar\u00e1 la cookie de conexi\u00f3n.<\/p>&#13;\n&#13;\n<p>Al modificar o publicar una publicaci\u00f3n, se almacenar\u00e1 una cookie adicional en su navegador. Esta cookie no contiene datos personales. Indica simplemente el ID de la publicaci\u00f3n que acaba de modificar. Caduca al cabo de un d\u00eda.<\/p>&#13;\n&#13;\n<h2 class=\"wp-block-heading\">Contenido incrustado de otros sitios<\/h2>&#13;\n&#13;\n<p><strong class=\"privacy-policy-tutorial\">Texte sugg\u00e9r\u00e9 : <\/strong>Les articles de ce site peuvent inclure des contenus int\u00e9gr\u00e9s (par exemple des vid\u00e9os, images, articles\u2026). El contenido integrado desde otros sitios se comporta de la misma manera que si el visitante estuviera visitando ese otro sitio.<\/p>&#13;\n&#13;\n<p>Estos sitios web pueden recopilar datos sobre usted, utilizar cookies, incrustar herramientas de seguimiento de terceros y rastrear sus interacciones con este contenido incrustado si tiene una cuenta iniciada en su sitio web.<\/p>&#13;\n&#13;\n<h2 class=\"wp-block-heading\">Uso y transmisi\u00f3n de sus datos personales<\/h2>&#13;\n&#13;\n<p><strong class=\"privacy-policy-tutorial\">Texte sugg\u00e9r\u00e9 : <\/strong>Si vous demandez une r\u00e9initialisation de votre mot de passe, votre adresse IP sera incluse dans l\u2019e-mail de r\u00e9initialisation.<\/p>&#13;\n&#13;\n<h2 class=\"wp-block-heading\">Periodos de almacenamiento de sus datos<\/h2>&#13;\n&#13;\n<p><strong class=\"privacy-policy-tutorial\">Texte sugg\u00e9r\u00e9 : <\/strong>Si vous laissez un commentaire, le commentaire et ses m\u00e9tadonn\u00e9es sont conserv\u00e9s ind\u00e9finiment. Esto permite que los comentarios posteriores se reconozcan y aprueben autom\u00e1ticamente en lugar de quedarse en la cola de moderaci\u00f3n.<\/p>&#13;\n&#13;\n<p>En el caso de las cuentas que se registran en nuestro sitio (si procede), tambi\u00e9n almacenamos los datos personales indicados en su perfil. Todas las cuentas pueden ver, modificar o borrar su informaci\u00f3n personal en cualquier momento (a excepci\u00f3n de su nombre de usuario). Los administradores de los centros tambi\u00e9n pueden ver y modificar esta informaci\u00f3n.<\/p>&#13;\n&#13;\n<h2 class=\"wp-block-heading\">Los derechos que tiene sobre sus datos<\/h2>&#13;\n&#13;\n<p><strong class=\"privacy-policy-tutorial\">Texte sugg\u00e9r\u00e9 : <\/strong>Si vous avez un compte ou si vous avez laiss\u00e9 des commentaires sur le site, vous pouvez demander \u00e0 recevoir un fichier contenant toutes les donn\u00e9es personnelles que nous poss\u00e9dons \u00e0 votre sujet, incluant celles que vous nous avez fournies. Tambi\u00e9n puede solicitar la supresi\u00f3n de sus datos personales. Esto no incluye los datos almacenados con fines administrativos, legales o de seguridad.<\/p>&#13;\n&#13;\n<h2 class=\"wp-block-heading\">D\u00f3nde se env\u00edan sus datos<\/h2>&#13;\n&#13;\n<p><strong class=\"privacy-policy-tutorial\">Texte sugg\u00e9r\u00e9 : <\/strong>Les commentaires des visiteurs peuvent \u00eatre v\u00e9rifi\u00e9s \u00e0 l\u2019aide d\u2019un service automatis\u00e9 de d\u00e9tection des commentaires ind\u00e9sirables.<\/p>&#13;\n","protected":false},"excerpt":{"rendered":"<p>&#13; \u00bfQui\u00e9nes somos? &#13; &#13; Texte sugg\u00e9r\u00e9 : L\u2019adresse de notre site est : https:\/\/www.agri-pdb.org. &#13; &#13; Comentarios &#13; &#13; Texte sugg\u00e9r\u00e9 : Quand vous laissez un commentaire sur notre site, les donn\u00e9es inscrites dans le formulaire de commentaire, ainsi que votre adresse IP et l\u2019agent utilisateur de votre navigateur sont collect\u00e9s pour nous aider [&hellip;]<\/p>\n","protected":false},"author":1,"featured_media":0,"parent":0,"menu_order":0,"comment_status":"closed","ping_status":"open","template":"page-templates\/type-text.php","meta":{"inline_featured_image":false,"footnotes":""},"acf":[],"yoast_head":"<!-- This site is optimized with the Yoast SEO plugin v22.3 - https:\/\/yoast.com\/wordpress\/plugins\/seo\/ -->\n<title>Pol\u00edtica de confidencialidad - Agri-PDB<\/title>\n<meta name=\"robots\" content=\"index, follow, max-snippet:-1, max-image-preview:large, max-video-preview:-1\" \/>\n<link rel=\"canonical\" href=\"https:\/\/www.agri-pdb.org\/es\/politica-de-confidencialidad\/\" \/>\n<meta property=\"og:locale\" content=\"es_ES\" \/>\n<meta property=\"og:type\" content=\"article\" \/>\n<meta property=\"og:title\" content=\"Pol\u00edtica de confidencialidad - Agri-PDB\" \/>\n<meta property=\"og:description\" content=\"&#013; \u00bfQui\u00e9nes somos? &#013; &#013; Texte sugg\u00e9r\u00e9 : L\u2019adresse de notre site est : https:\/\/www.agri-pdb.org. &#013; &#013; Comentarios &#013; &#013; Texte sugg\u00e9r\u00e9 : Quand vous laissez un commentaire sur notre site, les donn\u00e9es inscrites dans le formulaire de commentaire, ainsi que votre adresse IP et l\u2019agent utilisateur de votre navigateur sont collect\u00e9s pour nous aider [&hellip;]\" \/>\n<meta property=\"og:url\" content=\"https:\/\/www.agri-pdb.org\/es\/politica-de-confidencialidad\/\" \/>\n<meta property=\"og:site_name\" content=\"Agri-PDB\" \/>\n<meta property=\"article:modified_time\" content=\"2024-07-25T09:24:55+00:00\" \/>\n<meta name=\"twitter:card\" content=\"summary_large_image\" \/>\n<meta name=\"twitter:label1\" content=\"Est. reading time\" \/>\n\t<meta name=\"twitter:data1\" content=\"4 minutos\" \/>\n<script type=\"application\/ld+json\" class=\"yoast-schema-graph\">{\"@context\":\"https:\/\/schema.org\",\"@graph\":[{\"@type\":\"WebPage\",\"@id\":\"https:\/\/www.agri-pdb.org\/es\/politica-de-confidencialidad\/\",\"url\":\"https:\/\/www.agri-pdb.org\/es\/politica-de-confidencialidad\/\",\"name\":\"Pol\u00edtica de confidencialidad - Agri-PDB\",\"isPartOf\":{\"@id\":\"https:\/\/www.agri-pdb.org\/es\/#website\"},\"datePublished\":\"2024-02-28T10:16:25+00:00\",\"dateModified\":\"2024-07-25T09:24:55+00:00\",\"breadcrumb\":{\"@id\":\"https:\/\/www.agri-pdb.org\/es\/politica-de-confidencialidad\/#breadcrumb\"},\"inLanguage\":\"es\",\"potentialAction\":[{\"@type\":\"ReadAction\",\"target\":[\"https:\/\/www.agri-pdb.org\/es\/politica-de-confidencialidad\/\"]}]},{\"@type\":\"BreadcrumbList\",\"@id\":\"https:\/\/www.agri-pdb.org\/es\/politica-de-confidencialidad\/#breadcrumb\",\"itemListElement\":[{\"@type\":\"ListItem\",\"position\":1,\"name\":\"Home\",\"item\":\"https:\/\/www.agri-pdb.org\/es\/\"},{\"@type\":\"ListItem\",\"position\":2,\"name\":\"Pol\u00edtica de confidencialidad\"}]},{\"@type\":\"WebSite\",\"@id\":\"https:\/\/www.agri-pdb.org\/es\/#website\",\"url\":\"https:\/\/www.agri-pdb.org\/es\/\",\"name\":\"Agri-PDB\",\"description\":\"\",\"potentialAction\":[{\"@type\":\"SearchAction\",\"target\":{\"@type\":\"EntryPoint\",\"urlTemplate\":\"https:\/\/www.agri-pdb.org\/es\/?s={search_term_string}\"},\"query-input\":\"required name=search_term_string\"}],\"inLanguage\":\"es\"}]}<\/script>\n<!-- \/ Yoast SEO plugin. -->","yoast_head_json":{"title":"Pol\u00edtica de confidencialidad - Agri-PDB","robots":{"index":"index","follow":"follow","max-snippet":"max-snippet:-1","max-image-preview":"max-image-preview:large","max-video-preview":"max-video-preview:-1"},"canonical":"https:\/\/www.agri-pdb.org\/es\/politica-de-confidencialidad\/","og_locale":"es_ES","og_type":"article","og_title":"Pol\u00edtica de confidencialidad - Agri-PDB","og_description":"&#13; \u00bfQui\u00e9nes somos? &#13; &#13; Texte sugg\u00e9r\u00e9 : L\u2019adresse de notre site est : https:\/\/www.agri-pdb.org. &#13; &#13; Comentarios &#13; &#13; Texte sugg\u00e9r\u00e9 : Quand vous laissez un commentaire sur notre site, les donn\u00e9es inscrites dans le formulaire de commentaire, ainsi que votre adresse IP et l\u2019agent utilisateur de votre navigateur sont collect\u00e9s pour nous aider [&hellip;]","og_url":"https:\/\/www.agri-pdb.org\/es\/politica-de-confidencialidad\/","og_site_name":"Agri-PDB","article_modified_time":"2024-07-25T09:24:55+00:00","twitter_card":"summary_large_image","twitter_misc":{"Est. reading time":"4 minutos"},"schema":{"@context":"https:\/\/schema.org","@graph":[{"@type":"WebPage","@id":"https:\/\/www.agri-pdb.org\/es\/politica-de-confidencialidad\/","url":"https:\/\/www.agri-pdb.org\/es\/politica-de-confidencialidad\/","name":"Pol\u00edtica de confidencialidad - Agri-PDB","isPartOf":{"@id":"https:\/\/www.agri-pdb.org\/es\/#website"},"datePublished":"2024-02-28T10:16:25+00:00","dateModified":"2024-07-25T09:24:55+00:00","breadcrumb":{"@id":"https:\/\/www.agri-pdb.org\/es\/politica-de-confidencialidad\/#breadcrumb"},"inLanguage":"es","potentialAction":[{"@type":"ReadAction","target":["https:\/\/www.agri-pdb.org\/es\/politica-de-confidencialidad\/"]}]},{"@type":"BreadcrumbList","@id":"https:\/\/www.agri-pdb.org\/es\/politica-de-confidencialidad\/#breadcrumb","itemListElement":[{"@type":"ListItem","position":1,"name":"Home","item":"https:\/\/www.agri-pdb.org\/es\/"},{"@type":"ListItem","position":2,"name":"Pol\u00edtica de confidencialidad"}]},{"@type":"WebSite","@id":"https:\/\/www.agri-pdb.org\/es\/#website","url":"https:\/\/www.agri-pdb.org\/es\/","name":"Agri-PDB","description":"","potentialAction":[{"@type":"SearchAction","target":{"@type":"EntryPoint","urlTemplate":"https:\/\/www.agri-pdb.org\/es\/?s={search_term_string}"},"query-input":"required name=search_term_string"}],"inLanguage":"es"}]}},"_links":{"self":[{"href":"https:\/\/www.agri-pdb.org\/es\/wp-json\/wp\/v2\/pages\/1761"}],"collection":[{"href":"https:\/\/www.agri-pdb.org\/es\/wp-json\/wp\/v2\/pages"}],"about":[{"href":"https:\/\/www.agri-pdb.org\/es\/wp-json\/wp\/v2\/types\/page"}],"author":[{"embeddable":true,"href":"https:\/\/www.agri-pdb.org\/es\/wp-json\/wp\/v2\/users\/1"}],"replies":[{"embeddable":true,"href":"https:\/\/www.agri-pdb.org\/es\/wp-json\/wp\/v2\/comments?post=1761"}],"version-history":[{"count":3,"href":"https:\/\/www.agri-pdb.org\/es\/wp-json\/wp\/v2\/pages\/1761\/revisions"}],"predecessor-version":[{"id":1764,"href":"https:\/\/www.agri-pdb.org\/es\/wp-json\/wp\/v2\/pages\/1761\/revisions\/1764"}],"wp:attachment":[{"href":"https:\/\/www.agri-pdb.org\/es\/wp-json\/wp\/v2\/media?parent=1761"}],"curies":[{"name":"wp","href":"https:\/\/api.w.org\/{rel}","templated":true}]}}