{"id":1754,"date":"2024-04-12T16:43:14","date_gmt":"2024-04-12T14:43:14","guid":{"rendered":"https:\/\/www.agri-pdb.org\/experiencia-entre-pares\/"},"modified":"2025-02-06T12:01:11","modified_gmt":"2025-02-06T11:01:11","slug":"experiencia-entre-pares","status":"publish","type":"page","link":"https:\/\/www.agri-pdb.org\/es\/experiencia-entre-pares\/","title":{"rendered":"Experiencia entre pares"},"content":{"rendered":"","protected":false},"excerpt":{"rendered":"","protected":false},"author":2,"featured_media":0,"parent":0,"menu_order":0,"comment_status":"closed","ping_status":"closed","template":"page-templates\/services.php","meta":{"inline_featured_image":false,"footnotes":""},"acf":[],"yoast_head":"<!-- This site is optimized with the Yoast SEO plugin v22.3 - https:\/\/yoast.com\/wordpress\/plugins\/seo\/ -->\n<title>Experiencia entre pares - Agri-PDB<\/title>\n<meta name=\"description\" content=\"Descubra c\u00f3mo la Plataforma Agri-PDB mejora el intercambio de conocimientos y la colaboraci\u00f3n entre los Bancos P\u00fablicos de Desarrollo Agr\u00edcola a trav\u00e9s de intercambios entre pares, proporcionando acceso a metodolog\u00edas exitosas, mejores pr\u00e1cticas y soluciones de financiaci\u00f3n verde para apoyar la toma de decisiones informadas y el crecimiento sostenible.\" \/>\n<meta name=\"robots\" content=\"index, follow, max-snippet:-1, max-image-preview:large, max-video-preview:-1\" \/>\n<link rel=\"canonical\" href=\"https:\/\/www.agri-pdb.org\/es\/experiencia-entre-pares\/\" \/>\n<meta property=\"og:locale\" content=\"es_ES\" \/>\n<meta property=\"og:type\" content=\"article\" \/>\n<meta property=\"og:title\" content=\"Experiencia entre pares - Agri-PDB\" \/>\n<meta property=\"og:description\" content=\"Descubra c\u00f3mo la Plataforma Agri-PDB mejora el intercambio de conocimientos y la colaboraci\u00f3n entre los Bancos P\u00fablicos de Desarrollo Agr\u00edcola a trav\u00e9s de intercambios entre pares, proporcionando acceso a metodolog\u00edas exitosas, mejores pr\u00e1cticas y soluciones de financiaci\u00f3n verde para apoyar la toma de decisiones informadas y el crecimiento sostenible.\" \/>\n<meta property=\"og:url\" content=\"https:\/\/www.agri-pdb.org\/es\/experiencia-entre-pares\/\" \/>\n<meta property=\"og:site_name\" content=\"Agri-PDB\" \/>\n<meta property=\"article:modified_time\" content=\"2025-02-06T11:01:11+00:00\" \/>\n<meta name=\"twitter:card\" content=\"summary_large_image\" \/>\n<script type=\"application\/ld+json\" class=\"yoast-schema-graph\">{\"@context\":\"https:\/\/schema.org\",\"@graph\":[{\"@type\":\"WebPage\",\"@id\":\"https:\/\/www.agri-pdb.org\/es\/experiencia-entre-pares\/\",\"url\":\"https:\/\/www.agri-pdb.org\/es\/experiencia-entre-pares\/\",\"name\":\"Experiencia entre pares - Agri-PDB\",\"isPartOf\":{\"@id\":\"https:\/\/www.agri-pdb.org\/es\/#website\"},\"datePublished\":\"2024-04-12T14:43:14+00:00\",\"dateModified\":\"2025-02-06T11:01:11+00:00\",\"description\":\"Descubra c\u00f3mo la Plataforma Agri-PDB mejora el intercambio de conocimientos y la colaboraci\u00f3n entre los Bancos P\u00fablicos de Desarrollo Agr\u00edcola a trav\u00e9s de intercambios entre pares, proporcionando acceso a metodolog\u00edas exitosas, mejores pr\u00e1cticas y soluciones de financiaci\u00f3n verde para apoyar la toma de decisiones informadas y el crecimiento sostenible.\",\"breadcrumb\":{\"@id\":\"https:\/\/www.agri-pdb.org\/es\/experiencia-entre-pares\/#breadcrumb\"},\"inLanguage\":\"es\",\"potentialAction\":[{\"@type\":\"ReadAction\",\"target\":[\"https:\/\/www.agri-pdb.org\/es\/experiencia-entre-pares\/\"]}]},{\"@type\":\"BreadcrumbList\",\"@id\":\"https:\/\/www.agri-pdb.org\/es\/experiencia-entre-pares\/#breadcrumb\",\"itemListElement\":[{\"@type\":\"ListItem\",\"position\":1,\"name\":\"Home\",\"item\":\"https:\/\/www.agri-pdb.org\/es\/\"},{\"@type\":\"ListItem\",\"position\":2,\"name\":\"Experiencia entre pares\"}]},{\"@type\":\"WebSite\",\"@id\":\"https:\/\/www.agri-pdb.org\/es\/#website\",\"url\":\"https:\/\/www.agri-pdb.org\/es\/\",\"name\":\"Agri-PDB\",\"description\":\"\",\"potentialAction\":[{\"@type\":\"SearchAction\",\"target\":{\"@type\":\"EntryPoint\",\"urlTemplate\":\"https:\/\/www.agri-pdb.org\/es\/?s={search_term_string}\"},\"query-input\":\"required name=search_term_string\"}],\"inLanguage\":\"es\"}]}<\/script>\n<!-- \/ Yoast SEO plugin. -->","yoast_head_json":{"title":"Experiencia entre pares - Agri-PDB","description":"Descubra c\u00f3mo la Plataforma Agri-PDB mejora el intercambio de conocimientos y la colaboraci\u00f3n entre los Bancos P\u00fablicos de Desarrollo Agr\u00edcola a trav\u00e9s de intercambios entre pares, proporcionando acceso a metodolog\u00edas exitosas, mejores pr\u00e1cticas y soluciones de financiaci\u00f3n verde para apoyar la toma de decisiones informadas y el crecimiento sostenible.","robots":{"index":"index","follow":"follow","max-snippet":"max-snippet:-1","max-image-preview":"max-image-preview:large","max-video-preview":"max-video-preview:-1"},"canonical":"https:\/\/www.agri-pdb.org\/es\/experiencia-entre-pares\/","og_locale":"es_ES","og_type":"article","og_title":"Experiencia entre pares - Agri-PDB","og_description":"Descubra c\u00f3mo la Plataforma Agri-PDB mejora el intercambio de conocimientos y la colaboraci\u00f3n entre los Bancos P\u00fablicos de Desarrollo Agr\u00edcola a trav\u00e9s de intercambios entre pares, proporcionando acceso a metodolog\u00edas exitosas, mejores pr\u00e1cticas y soluciones de financiaci\u00f3n verde para apoyar la toma de decisiones informadas y el crecimiento sostenible.","og_url":"https:\/\/www.agri-pdb.org\/es\/experiencia-entre-pares\/","og_site_name":"Agri-PDB","article_modified_time":"2025-02-06T11:01:11+00:00","twitter_card":"summary_large_image","schema":{"@context":"https:\/\/schema.org","@graph":[{"@type":"WebPage","@id":"https:\/\/www.agri-pdb.org\/es\/experiencia-entre-pares\/","url":"https:\/\/www.agri-pdb.org\/es\/experiencia-entre-pares\/","name":"Experiencia entre pares - Agri-PDB","isPartOf":{"@id":"https:\/\/www.agri-pdb.org\/es\/#website"},"datePublished":"2024-04-12T14:43:14+00:00","dateModified":"2025-02-06T11:01:11+00:00","description":"Descubra c\u00f3mo la Plataforma Agri-PDB mejora el intercambio de conocimientos y la colaboraci\u00f3n entre los Bancos P\u00fablicos de Desarrollo Agr\u00edcola a trav\u00e9s de intercambios entre pares, proporcionando acceso a metodolog\u00edas exitosas, mejores pr\u00e1cticas y soluciones de financiaci\u00f3n verde para apoyar la toma de decisiones informadas y el crecimiento sostenible.","breadcrumb":{"@id":"https:\/\/www.agri-pdb.org\/es\/experiencia-entre-pares\/#breadcrumb"},"inLanguage":"es","potentialAction":[{"@type":"ReadAction","target":["https:\/\/www.agri-pdb.org\/es\/experiencia-entre-pares\/"]}]},{"@type":"BreadcrumbList","@id":"https:\/\/www.agri-pdb.org\/es\/experiencia-entre-pares\/#breadcrumb","itemListElement":[{"@type":"ListItem","position":1,"name":"Home","item":"https:\/\/www.agri-pdb.org\/es\/"},{"@type":"ListItem","position":2,"name":"Experiencia entre pares"}]},{"@type":"WebSite","@id":"https:\/\/www.agri-pdb.org\/es\/#website","url":"https:\/\/www.agri-pdb.org\/es\/","name":"Agri-PDB","description":"","potentialAction":[{"@type":"SearchAction","target":{"@type":"EntryPoint","urlTemplate":"https:\/\/www.agri-pdb.org\/es\/?s={search_term_string}"},"query-input":"required name=search_term_string"}],"inLanguage":"es"}]}},"_links":{"self":[{"href":"https:\/\/www.agri-pdb.org\/es\/wp-json\/wp\/v2\/pages\/1754"}],"collection":[{"href":"https:\/\/www.agri-pdb.org\/es\/wp-json\/wp\/v2\/pages"}],"about":[{"href":"https:\/\/www.agri-pdb.org\/es\/wp-json\/wp\/v2\/types\/page"}],"author":[{"embeddable":true,"href":"https:\/\/www.agri-pdb.org\/es\/wp-json\/wp\/v2\/users\/2"}],"replies":[{"embeddable":true,"href":"https:\/\/www.agri-pdb.org\/es\/wp-json\/wp\/v2\/comments?post=1754"}],"version-history":[{"count":3,"href":"https:\/\/www.agri-pdb.org\/es\/wp-json\/wp\/v2\/pages\/1754\/revisions"}],"predecessor-version":[{"id":2463,"href":"https:\/\/www.agri-pdb.org\/es\/wp-json\/wp\/v2\/pages\/1754\/revisions\/2463"}],"wp:attachment":[{"href":"https:\/\/www.agri-pdb.org\/es\/wp-json\/wp\/v2\/media?parent=1754"}],"curies":[{"name":"wp","href":"https:\/\/api.w.org\/{rel}","templated":true}]}}